{"id":23,"date":"2019-11-12T13:53:25","date_gmt":"2019-11-12T13:53:25","guid":{"rendered":"https:\/\/triplayalrochiapas.com.mx\/index.php\/about\/"},"modified":"2026-03-04T00:50:25","modified_gmt":"2026-03-04T00:50:25","slug":"about","status":"publish","type":"page","link":"https:\/\/triplayalrochiapas.com.mx\/index.php\/about\/","title":{"rendered":"\u00bfQui\u00e9nes Somos?"},"content":{"rendered":"<!--themify_builder_content-->\n<div id=\"themify_builder_content-23\" data-postid=\"23\" class=\"themify_builder_content themify_builder_content-23 themify_builder tf_clear\">\n                    <div  data-lazy=\"1\" class=\"module_row themify_builder_row tb_0are602 tb_first tf_w\">\n            <span class=\"builder_row_cover tf_abs\"><\/span>            <div class=\"row_inner col_align_top tb_col_count_2 tf_box tf_rel\">\n                        <div  data-lazy=\"1\" class=\"module_column tb-column col3-2 tb_g7y7603 first\">\n                    <!-- module text -->\n<div  class=\"module module-text tb_ka8q603   \" data-lazy=\"1\">\n        <div  class=\"tb_text_wrap\">\n        <h1>\u00bfQui\u00e9nes Somos?<\/h1>    <\/div>\n<\/div>\n<!-- \/module text -->        <\/div>\n                    <div  data-lazy=\"1\" class=\"module_column tb-column col3-1 tb_lzlm604 last\">\n                            <\/div>\n                        <\/div>\n        <\/div>\n                        <div  data-lazy=\"1\" class=\"module_row themify_builder_row tb_8tv2756 tf_w\">\n                        <div class=\"row_inner col_align_top tb_col_count_1 tf_box tf_rel\">\n                        <div  data-lazy=\"1\" class=\"module_column tb-column col-full tb_6zb1758 first\">\n                            <div  data-lazy=\"1\" class=\"module_subrow themify_builder_sub_row tf_w col_align_top tb_col_count_2 tb_2c7l361\">\n                <div  data-lazy=\"1\" class=\"module_column sub_column tb_k5z4362 first\">\n                    <!-- module image -->\n<div  class=\"module module-image tb_z94h409 image-center   auto_fullwidth tf_mw\" data-lazy=\"1\">\n        <div class=\"image-wrap tf_rel tf_mw\">\n            <img loading=\"lazy\" decoding=\"async\" width=\"1800\" height=\"958\" src=\"https:\/\/triplayalrochiapas.com.mx\/wp-content\/uploads\/2024\/11\/chiapas1.jpg\" class=\"wp-post-image wp-image-93\" title=\"chiapas1\" alt=\"chiapas1\" srcset=\"https:\/\/triplayalrochiapas.com.mx\/wp-content\/uploads\/2024\/11\/chiapas1.jpg 1800w, https:\/\/triplayalrochiapas.com.mx\/wp-content\/uploads\/2024\/11\/chiapas1-300x160.jpg 300w, https:\/\/triplayalrochiapas.com.mx\/wp-content\/uploads\/2024\/11\/chiapas1-1024x545.jpg 1024w, https:\/\/triplayalrochiapas.com.mx\/wp-content\/uploads\/2024\/11\/chiapas1-768x409.jpg 768w, https:\/\/triplayalrochiapas.com.mx\/wp-content\/uploads\/2024\/11\/chiapas1-1536x817.jpg 1536w, https:\/\/triplayalrochiapas.com.mx\/wp-content\/uploads\/2024\/11\/chiapas1-1024x545-1160x617.jpg 1160w\" sizes=\"auto, (max-width: 1800px) 100vw, 1800px\" \/>    \n        <\/div>\n    <!-- \/image-wrap -->\n    \n        <\/div>\n<!-- \/module image -->        <\/div>\n                    <div  data-lazy=\"1\" class=\"module_column sub_column tb_khp3362 last\">\n                    <!-- module text -->\n<div  class=\"module module-text tb_uabu583   \" data-lazy=\"1\">\n        <div  class=\"tb_text_wrap\">\n        <h3>Misi\u00f3n<\/h3>\n<p>Somos una empresa chiapaneca, que se encarga de la distribuci\u00f3n de Madera y de sus derivados, as\u00ed como tambi\u00e9n insumos para la carpinter\u00eda y el ramo de la construcci\u00f3n.<br \/>\ntener clientes satisfechos en todo el territorio chiapaneco.<\/p>\n    <\/div>\n<\/div>\n<!-- \/module text --><!-- module text -->\n<div  class=\"module module-text tb_qdm9883   \" data-lazy=\"1\">\n        <div  class=\"tb_text_wrap\">\n        <h3>Visi\u00f3n<\/h3>\n<p>Proyectarnos como la mejor maderer\u00eda de la regi\u00f3n, brindando el mejor precio y calidad en<br \/>\nnuestros productos y herramientas.<\/p>\n    <\/div>\n<\/div>\n<!-- \/module text -->        <\/div>\n                    <\/div>\n                <\/div>\n                        <\/div>\n        <\/div>\n                        <div  data-lazy=\"1\" class=\"module_row themify_builder_row tb_rxkb775 tf_w\">\n                        <div class=\"row_inner col_align_top tb_col_count_1 tf_box tf_rel\">\n                        <div  data-lazy=\"1\" class=\"module_column tb-column col-full tb_huyi775 first\">\n                    <!-- module text -->\n<div  class=\"module module-text tb_1cpn394   \" data-lazy=\"1\">\n        <div  class=\"tb_text_wrap\">\n        <h2>Si vas a construir, no dudes en contactarnos.<\/h2>    <\/div>\n<\/div>\n<!-- \/module text -->        <\/div>\n                        <\/div>\n        <\/div>\n        <\/div>\n<!--\/themify_builder_content-->","protected":false},"excerpt":{"rendered":"<p>\u00bfQui\u00e9nes Somos?<\/p>\n","protected":false},"author":1,"featured_media":0,"parent":0,"menu_order":0,"comment_status":"closed","ping_status":"closed","template":"","meta":{"footnotes":""},"class_list":["post-23","page","type-page","status-publish","hentry","has-post-title","has-post-date","has-post-category","has-post-tag","has-post-comment","has-post-author",""],"builder_content":"<h1>\u00bfQui\u00e9nes Somos?<\/h1>\n<img src=\"https:\/\/triplayalrochiapas.com.mx\/wp-content\/uploads\/2024\/11\/chiapas1.jpg\" title=\"chiapas1\" alt=\"chiapas1\" srcset=\"https:\/\/triplayalrochiapas.com.mx\/wp-content\/uploads\/2024\/11\/chiapas1.jpg 1800w, https:\/\/triplayalrochiapas.com.mx\/wp-content\/uploads\/2024\/11\/chiapas1-300x160.jpg 300w, https:\/\/triplayalrochiapas.com.mx\/wp-content\/uploads\/2024\/11\/chiapas1-1024x545.jpg 1024w, https:\/\/triplayalrochiapas.com.mx\/wp-content\/uploads\/2024\/11\/chiapas1-768x409.jpg 768w, https:\/\/triplayalrochiapas.com.mx\/wp-content\/uploads\/2024\/11\/chiapas1-1536x817.jpg 1536w, https:\/\/triplayalrochiapas.com.mx\/wp-content\/uploads\/2024\/11\/chiapas1-1024x545-1160x617.jpg 1160w\" sizes=\"(max-width: 1800px) 100vw, 1800px\" \/>\n<h3>Misi\u00f3n<\/h3> <p>Somos una empresa chiapaneca, que se encarga de la distribuci\u00f3n de Madera y de sus derivados, as\u00ed como tambi\u00e9n insumos para la carpinter\u00eda y el ramo de la construcci\u00f3n.<br \/> tener clientes satisfechos en todo el territorio chiapaneco.<\/p>\n<h3>Visi\u00f3n<\/h3> <p>Proyectarnos como la mejor maderer\u00eda de la regi\u00f3n, brindando el mejor precio y calidad en<br \/> nuestros productos y herramientas.<\/p>\n<h2>Si vas a construir, no dudes en contactarnos.<\/h2>","_links":{"self":[{"href":"https:\/\/triplayalrochiapas.com.mx\/index.php\/wp-json\/wp\/v2\/pages\/23","targetHints":{"allow":["GET"]}}],"collection":[{"href":"https:\/\/triplayalrochiapas.com.mx\/index.php\/wp-json\/wp\/v2\/pages"}],"about":[{"href":"https:\/\/triplayalrochiapas.com.mx\/index.php\/wp-json\/wp\/v2\/types\/page"}],"author":[{"embeddable":true,"href":"https:\/\/triplayalrochiapas.com.mx\/index.php\/wp-json\/wp\/v2\/users\/1"}],"replies":[{"embeddable":true,"href":"https:\/\/triplayalrochiapas.com.mx\/index.php\/wp-json\/wp\/v2\/comments?post=23"}],"version-history":[{"count":13,"href":"https:\/\/triplayalrochiapas.com.mx\/index.php\/wp-json\/wp\/v2\/pages\/23\/revisions"}],"predecessor-version":[{"id":178,"href":"https:\/\/triplayalrochiapas.com.mx\/index.php\/wp-json\/wp\/v2\/pages\/23\/revisions\/178"}],"wp:attachment":[{"href":"https:\/\/triplayalrochiapas.com.mx\/index.php\/wp-json\/wp\/v2\/media?parent=23"}],"curies":[{"name":"wp","href":"https:\/\/api.w.org\/{rel}","templated":true}]}}